{"id":154,"date":"2014-04-13T13:02:42","date_gmt":"2014-04-13T12:02:42","guid":{"rendered":"http:\/\/neu.bildungsschiff.de\/anna-lisa\/?page_id=154"},"modified":"2025-03-19T14:06:29","modified_gmt":"2025-03-19T13:06:29","slug":"traditionelle-schifffahrt","status":"publish","type":"page","link":"https:\/\/bildungsschiff.de\/anna-lisa\/traditionelle-schifffahrt\/","title":{"rendered":"Traditionelle Schifffahrt"},"content":{"rendered":"\n<p>Ein ca. 28 Meter langes Schiff mit zwei Masten, Kl\u00fcverbaum, aus Stahl und Holz gebaut, mit f\u00fcnf Segeln und einem \u00fcber 70 Jahre alten Motor erm\u00f6glicht einmalige Erfahrungen und Erlebnisse.<\/p>\n\n\n\n<h2 class=\"wp-block-heading\">Segeln wie vor \u00fcber 100 Jahren<\/h2>\n\n\n\n<p>Die traditionelle Seefahrt hat lange die Kultur an den K\u00fcsten im Nord- und Ostseeraum gepr\u00e4gt. Durch das Erleben dieser Fortbewegungsart und das Erlernen wichtiger Handgriffe und Fertigkeiten auf dem Traditionssegler f\u00e4llt es leicht, einen Zugang zu Geschichte und Kultur dieser Regionen zu bekommen.<\/p>\n\n\n\n<blockquote class=\"wp-block-quote is-layout-flow wp-block-quote-is-layout-flow\">\n<p>Die Traditionsschifffahrt stellt ein bedeutendes Kulturgut Deutschlands dar. Durch die Pflege des Schiffsbestands und die M\u00f6glichkeit, historische Wasserfahrzeuge auch in Fahrt erleben zu k\u00f6nnen, kann dieses maritime Erbe f\u00fcr die Allgemeinheit dauerhaft erhalten werden. Gerade das direkte Erleben dieser Schifffahrt spielt f\u00fcr die Vermittlung der Seeschifffahrtsgeschichte eine wichtige Rolle. Merkmal der besonderen Zulassung als \u201eTraditionsschiff\u201c ist es daher stets, dass diese Schiffe zur maritimen Traditionspflege, insbesondere zur Vermittlung historischer Schiffsbetriebstechnik und traditioneller Seemannschaft eingesetzt werden. <\/p>\n<cite>Bundesministerium f\u00fcr Verkehr und digitale Infrastruktur, 17. September 2019<\/cite><\/blockquote>\n\n\n\n<figure class=\"wp-block-embed is-type-video is-provider-youtube wp-block-embed-youtube wp-embed-aspect-16-9 wp-has-aspect-ratio\"><div class=\"wp-block-embed__wrapper\">\n<iframe loading=\"lazy\" title=\"Rumregatta Flensburg 2015 - Lieber heil und zweiter als kaputt und breiter\" width=\"688\" height=\"387\" src=\"https:\/\/www.youtube.com\/embed\/D6VFML0aqbU?feature=oembed\" frameborder=\"0\" allow=\"accelerometer; autoplay; clipboard-write; encrypted-media; gyroscope; picture-in-picture; web-share\" referrerpolicy=\"strict-origin-when-cross-origin\" allowfullscreen><\/iframe>\n<\/div><figcaption class=\"wp-element-caption\">Die Rumregatta in Flensburg ist eine Gelegenheit, viele der Traditionssegler zu erleben. In diesem Video von &#8222;tallship fan&#8220; sieht man viele Schiffstypen in Aktion, auch Besanewer wie die ANNA-LISA mit schwarz-gr\u00fcnen Rumpf und Seitschwertern. <\/figcaption><\/figure>\n\n\n\n<h2 class=\"wp-block-heading\">Tradition und Naturerlebnis<\/h2>\n\n\n\n<p>Auf der ANNA-LISA muss immer jemand am Steuer stehen und den Kurs halten. Es gibt keinen Autopiloten um den Kurs zu halten. Alle Mitfahrer bleiben am liebsten an Deck: Zum Ausguck Gehen, um jederzeit an den Leinen, Schotten, Fallen, Backstagen anpacken zu k\u00f6nnen.&nbsp; Weil es drau\u00dfen sch\u00f6ner ist als unter Deck. Jede Winddrehung, jede \u00c4nderung des Wetters hat bei einem Segelschiff Einfluss auf das weitere Geschehen: Wind, Regentropfen, Wellengeschaukel werden intensiv erlebt.<\/p>\n\n\n\n<h2 class=\"wp-block-heading\">Gemeinschaft<\/h2>\n\n\n<div class=\"wp-block-image\">\n<figure class=\"aligncenter\"><a href=\"http:\/\/bildungsschiff.de\/anna-lisa\/instandhaltung\/dsc2008_6737\/\" rel=\"attachment wp-att-934\"><img loading=\"lazy\" decoding=\"async\" width=\"199\" height=\"300\" src=\"https:\/\/bildungsschiff.de\/anna-lisa\/wp-content\/uploads\/2013\/11\/DSC2008_6737-199x300.jpg\" alt=\"Gemeinschaftsarbeit\" class=\"wp-image-934\" srcset=\"https:\/\/bildungsschiff.de\/anna-lisa\/wp-content\/uploads\/2013\/11\/DSC2008_6737-199x300.jpg 199w, https:\/\/bildungsschiff.de\/anna-lisa\/wp-content\/uploads\/2013\/11\/DSC2008_6737.jpg 376w\" sizes=\"auto, (max-width: 199px) 100vw, 199px\" \/><\/a><figcaption class=\"wp-element-caption\">Alle fassen mit an.<\/figcaption><\/figure><\/div>\n\n\n<p>Alleine k\u00f6nnte niemand das Schiff fahren, nur durch das Zusammenspiel aller Mitsegler bewegt sich das Schiff in die richtige Richtung. Nur so kommen wir zum n\u00e4chsten Ziel. Obwohl unsere Segel heute nicht mehr aus Leinen, sondern aus leichterem Kunststoff gen\u00e4ht sind, braucht es den Einsatz vieler Menschen, um das schwere Tuch zu setzen. All diese Umst\u00e4nde vermitteln ein besonderes Gef\u00fchl von Gemeinschaft.<\/p>\n\n\n\n<h2 class=\"wp-block-heading\">Technik und Physik<\/h2>\n\n\n\n<p>Die Technik, die auf dem Schiff zur Anwendung kommt (ausgenommen die Ver- und Entsorgungseinrichtungen, die Navigationselektronik und die Sicherheitstechnik), beruht vielfach auf simplen mechanischen Gesetzen und diese sind ohne gr\u00f6\u00dfere Vorkenntnisse leicht durchschaubar und nachzuvollziehen.<\/p>\n\n\n\n<h2 class=\"wp-block-heading\">Handarbeit<\/h2>\n\n\n<div class=\"wp-block-image\">\n<figure class=\"aligncenter\"><a href=\"http:\/\/bildungsschiff.de\/anna-lisa\/leben-an-bord\/6-2011-anna-lisa-010\/\" rel=\"attachment wp-att-205\"><img loading=\"lazy\" decoding=\"async\" width=\"225\" height=\"300\" src=\"https:\/\/bildungsschiff.de\/anna-lisa\/wp-content\/uploads\/2014\/04\/6-2011-anna-lisa-010-225x300.jpg\" alt=\"handwerkliche Instandhaltung\" class=\"wp-image-205\" srcset=\"https:\/\/bildungsschiff.de\/anna-lisa\/wp-content\/uploads\/2014\/04\/6-2011-anna-lisa-010-225x300.jpg 225w, https:\/\/bildungsschiff.de\/anna-lisa\/wp-content\/uploads\/2014\/04\/6-2011-anna-lisa-010-768x1024.jpg 768w, https:\/\/bildungsschiff.de\/anna-lisa\/wp-content\/uploads\/2014\/04\/6-2011-anna-lisa-010.jpg 1200w\" sizes=\"auto, (max-width: 225px) 100vw, 225px\" \/><\/a><figcaption class=\"wp-element-caption\">Wenig funktioniert hier auf Knopfdruck, vieles muss unter Einsatz der eigenen K\u00f6rperkraft in Gang gesetzt werden.<\/figcaption><\/figure><\/div>\n\n\n<p>Vieles, was auf dem Schiff an Arbeit anf\u00e4llt, ist Handarbeit. Eine Wende gelingt nur durch das Ineinandergreifen vieler kleiner Handgriffe. Die \u00fcberlieferte Form der Seemannschaft an unsere Mitsegler weiterzugeben, ist ein wichtiges Ziel von Bildungsschiff Niederelbe e.V.<\/p>\n\n\n\n<h2 class=\"wp-block-heading\">Entschleunigung<\/h2>\n\n\n\n<p>Ein traditionelles Segelschiff ist kaum schneller als ein Fahrrad. Au\u00dferdem sind Route und Ziel oft nur m\u00e4\u00dfig gut planbar, Wetter\u00e4nderungen machen schnell einmal gefasste Pl\u00e4ne zunichte. Daraus ergeben sich neue Ziele und M\u00f6glichkeiten. Die Art dieses Reisens sorgt f\u00fcr Alltagsferne und Entschleunigung.<\/p>\n\n\n\n<h2 class=\"wp-block-heading\">Mehr Informationen \u00fcber traditionelle Schifffahrt<\/h2>\n\n\n\n<p>Wenn ihr mehr \u00fcber das Segeln auf Traditionsschiffen lesen m\u00f6chtet, empfehlen wir diese Seiten: <\/p>\n\n\n\n<p>Die <a href=\"https:\/\/www.sta-g.de\/\">Sail Training Association Germany (S.T.A.G.)<\/a> setzt sich f\u00fcr den Erhalt der Traditionsschifffahrt und deren Werte ein.  Der gemeinn\u00fctzige Verein f\u00f6rdert seem\u00e4nnische Aus- und Weiterbildung. Die <a href=\"https:\/\/bildungsschiff.de\/anna-lisa\/crewausbildung\/\">Crewausbildung auf der ANNA-LISA<\/a> findet nach den Vorgaben der S.T.A.G. statt. <\/p>\n\n\n\n<p> <a href=\"http:\/\/www.freunde-des-gaffelriggs.de\/\">PIEKFALL <\/a>hei\u00dft das Mitteilungsblatt der Freunde des Gaffelriggs.<\/p>\n\n\n\n<p><a href=\"https:\/\/www.agdm.de\/museumsh%C3%A4fen.html\">Museumsh\u00e4fen<\/a>, in denen alte Schiffe als maritimes Erbe  angetroffen werden k\u00f6nnen, listet die Arbeitsgemeinschaft Deutscher Museumsh\u00e4fen e.V. (AGDM) auf.  <\/p>\n\n\n\n<p>&#8222;<a href=\"https:\/\/www.rhinplate-rund.de\/\">Rhinplate Rund<\/a>&#8220; ist die Traditionssegler-Regatta vor unserer Haust\u00fcr. Selbstverst\u00e4ndlich nehmen wir jedes Jahr mit ANNA-LISA daran teil. Die Website zur Regatta bietet eindrucksvolle Bilder von Traditionsseglern in Fahrt.  <\/p>\n\n\n\n<p>Sehr anschaulich zeigt diese aktuelle Doku \u00fcber die ALBIN K\u00d6BIS aus Flensburg das Leben und Arbeiten auf und mit einem Traditionssegler heute: <\/p>\n\n\n\n<figure class=\"wp-block-embed aligncenter is-type-video is-provider-youtube wp-block-embed-youtube wp-embed-aspect-16-9 wp-has-aspect-ratio\"><div class=\"wp-block-embed__wrapper\">\n<iframe loading=\"lazy\" title=\"Traditionssegler: Neuer Kurs f\u00fcr alte Planken | die nordstory | NDR Doku\" width=\"688\" height=\"387\" src=\"https:\/\/www.youtube.com\/embed\/5ak3ZXGcoQM?feature=oembed\" frameborder=\"0\" allow=\"accelerometer; autoplay; clipboard-write; encrypted-media; gyroscope; picture-in-picture; web-share\" referrerpolicy=\"strict-origin-when-cross-origin\" allowfullscreen><\/iframe>\n<\/div><figcaption class=\"wp-element-caption\">Youtube-Video Traditionssegler: Neuer Kurs f\u00fcr alte Planken | die nordstory | NDR Doku<\/figcaption><\/figure>\n","protected":false},"excerpt":{"rendered":"<p>Ein ca. 28 Meter langes Schiff mit zwei Masten, Kl\u00fcverbaum, aus Stahl und Holz gebaut, mit f\u00fcnf Segeln und einem&hellip;<\/p>\n","protected":false},"author":4,"featured_media":0,"parent":0,"menu_order":0,"comment_status":"closed","ping_status":"closed","template":"","meta":{"footnotes":""},"class_list":["post-154","page","type-page","status-publish","hentry"],"_links":{"self":[{"href":"https:\/\/bildungsschiff.de\/anna-lisa\/wp-json\/wp\/v2\/pages\/154","targetHints":{"allow":["GET"]}}],"collection":[{"href":"https:\/\/bildungsschiff.de\/anna-lisa\/wp-json\/wp\/v2\/pages"}],"about":[{"href":"https:\/\/bildungsschiff.de\/anna-lisa\/wp-json\/wp\/v2\/types\/page"}],"author":[{"embeddable":true,"href":"https:\/\/bildungsschiff.de\/anna-lisa\/wp-json\/wp\/v2\/users\/4"}],"replies":[{"embeddable":true,"href":"https:\/\/bildungsschiff.de\/anna-lisa\/wp-json\/wp\/v2\/comments?post=154"}],"version-history":[{"count":36,"href":"https:\/\/bildungsschiff.de\/anna-lisa\/wp-json\/wp\/v2\/pages\/154\/revisions"}],"predecessor-version":[{"id":2532,"href":"https:\/\/bildungsschiff.de\/anna-lisa\/wp-json\/wp\/v2\/pages\/154\/revisions\/2532"}],"wp:attachment":[{"href":"https:\/\/bildungsschiff.de\/anna-lisa\/wp-json\/wp\/v2\/media?parent=154"}],"curies":[{"name":"wp","href":"https:\/\/api.w.org\/{rel}","templated":true}]}}