{"id":157,"date":"2014-04-13T13:04:16","date_gmt":"2014-04-13T12:04:16","guid":{"rendered":"http:\/\/neu.bildungsschiff.de\/anna-lisa\/?page_id=157"},"modified":"2025-03-21T10:49:09","modified_gmt":"2025-03-21T09:49:09","slug":"leben-an-bord","status":"publish","type":"page","link":"https:\/\/bildungsschiff.de\/anna-lisa\/leben-an-bord\/","title":{"rendered":"Leben an Bord"},"content":{"rendered":"\n<p><span style=\"color: #000000;\">Ihr m\u00f6chtet mitfahren und seid euch noch nicht sicher worauf ihr euch da genau einlasst? <\/span><span style=\"color: #000000;\">Dann lest hier mehr \u00fcber das Leben an Bord.<\/span><\/p>\n\n\n\n<h2 class=\"wp-block-heading\">Zusammenarbeit im Rhythmus der Gezeiten<\/h2>\n\n\n\n<p>Der Rhythmus des Schiffes ist der der See. Das bedeutet, wir sind in unseren Tagesabl\u00e4ufen abh\u00e4ngig von dem, was die Tide und der Wind uns vorgeben. Da kann es passieren, dass wir \u00fcber Nacht ankern und dann um 5 Uhr morgens den Anker lichten m\u00fcssen, weil der Wasserstand&nbsp; nur zu dieser Uhrzeit eine Weiterfahrt erlaubt.<\/p>\n\n\n\n<p>Das Wetter ist ein sehr entscheidender Faktor, der das Leben an Bord bestimmt. St\u00fcrmt es, wollen (und d\u00fcrfen) wir einen sicheren Hafen oder Ankerplatz zum Beispiel nicht verlassen. Bei Flaute fahren wir unter Motorkraft, bleiben im Hafen oder vor Anker, um schwimmen zu gehen oder Spazierg\u00e4nge zu machen. <br \/>Die Tourenplanung wird im Rahmen des M\u00f6glichen gemeinsam durchgesprochen. So h\u00f6ren wir beispielsweise t\u00e4glich den Wetterbericht und \u00fcberlegen dann anhand der Seekarte und der Tideverh\u00e4ltnisse, welchen Hafen oder Ankerplatz wir ansteuern k\u00f6nnen.<\/p>\n\n\n<div class=\"wp-block-image\">\n<figure class=\"aligncenter\"><a href=\"http:\/\/bildungsschiff.de\/anna-lisa\/wp-content\/uploads\/2014\/04\/100-0039.jpg\"><img loading=\"lazy\" decoding=\"async\" width=\"2048\" height=\"1536\" src=\"https:\/\/bildungsschiff.de\/anna-lisa\/wp-content\/uploads\/2014\/04\/100-0039.jpg\" alt=\"an Deck\" class=\"wp-image-261\" srcset=\"https:\/\/bildungsschiff.de\/anna-lisa\/wp-content\/uploads\/2014\/04\/100-0039.jpg 2048w, https:\/\/bildungsschiff.de\/anna-lisa\/wp-content\/uploads\/2014\/04\/100-0039-300x225.jpg 300w, https:\/\/bildungsschiff.de\/anna-lisa\/wp-content\/uploads\/2014\/04\/100-0039-1024x768.jpg 1024w\" sizes=\"auto, (max-width: 2048px) 100vw, 2048px\" \/><\/a><figcaption class=\"wp-element-caption\">An Deck<\/figcaption><\/figure><\/div>\n\n\n<p>Zun\u00e4chst einmal ist es ein gro\u00dfes \u201eMiteinander\u201c. Um die Anna Lisa besegeln zu k\u00f6nnen, braucht es der Zusammenarbeit aller Mitfahrer, sei es beim Segel setzen, beim Man\u00f6ver fahren wie dem Kreuzen, der Halse oder beim An- und Ablegen.<\/p>\n\n\n\n<p>Auch wenn wir nicht segeln, gibt es viel zu tun: Es wird gekocht und aufgeklart, 3-4 zust\u00e4ndige \u201eK\u00f6che\u201c gibt es jeden Tag, es ist reihum&nbsp; jeder einmal am Herd und kann seine Lieblingsspeise kochen. So essen wir alle gemeinsam und sitzen abends zusammen in der Messe, um \u00fcber den morgigen Tag zu reden, zu singen, Gitarre zu spielen oder einfach zu quatschen.<\/p>\n\n\n<div class=\"wp-block-image\">\n<figure class=\"aligncenter\"><a href=\"http:\/\/bildungsschiff.de\/anna-lisa\/wp-content\/uploads\/2014\/04\/Messe1.jpg\"><img loading=\"lazy\" decoding=\"async\" width=\"800\" height=\"536\" src=\"https:\/\/bildungsschiff.de\/anna-lisa\/wp-content\/uploads\/2014\/04\/Messe1.jpg\" alt=\"Messe mit Komb\u00fcse\" class=\"wp-image-146\" srcset=\"https:\/\/bildungsschiff.de\/anna-lisa\/wp-content\/uploads\/2014\/04\/Messe1.jpg 800w, https:\/\/bildungsschiff.de\/anna-lisa\/wp-content\/uploads\/2014\/04\/Messe1-300x201.jpg 300w\" sizes=\"auto, (max-width: 800px) 100vw, 800px\" \/><\/a><figcaption class=\"wp-element-caption\">Messe mit Komb\u00fcse<\/figcaption><\/figure><\/div>\n\n\n<p>Wenn nichts zu tun ist, kann man sich an Deck einen Platz zum Entspannen suchen und einfach chillen, im Hafen alleine auf Erkundungstour gehen oder sich in die eigene Koje zur\u00fcckziehen.<\/p>\n\n\n\n<h2 class=\"wp-block-heading\">Bildungsangebote an Bord<\/h2>\n\n\n\n<p>Es gibt eine kleine Laborausr\u00fcstung f\u00fcr biologische Untersuchungen, ein Regal mit verschiedenen B\u00fcchern zu Themen wie Segeln, Wetterkunde, Seemannschaft, Piraten oder Literatur zum Schm\u00f6kern. Wir erkl\u00e4ren Euch das Wie und Warum s\u00e4mtlicher Handgriffe der traditionellen Seemannschaft. Interessierte d\u00fcrfen&nbsp; in den Maschinenraum klettern und sich die Maschine erkl\u00e4ren lassen. Ihr seid an Bord herzlich willkommen, alles zu erfragen und zu lernen, was es \u00fcber die ANNA-LISA, das Segeln auf einem Traditionsschiff, Ebbe und Flut, Elbe und Watt sowie Wetter zu lernen gibt.<\/p>\n\n\n\n<h2 class=\"wp-block-heading\">Die ANNA-LISA ist ein traditionelles Schiff<\/h2>\n\n\n\n<p>Einfach und mit viel Seemanns Charme. Die Kammern, die sich vier Seeleute teilen, sind jeweils mit einem Waschbecken ausgestattet. Die Kojen sind kuschelig und haben alle eine Leselampe. Anna-Lisa verf\u00fcgt \u00fcber zwei Bordtoiletten.&nbsp; Duschen kann man im Hafen in dem wir uns jeweils befinden.<\/p>\n\n\n<div class=\"wp-block-image\">\n<figure class=\"alignleft\"><a href=\"http:\/\/bildungsschiff.de\/anna-lisa\/instandhaltung\/4er1\/\" rel=\"attachment wp-att-582\"><img loading=\"lazy\" decoding=\"async\" width=\"200\" height=\"300\" src=\"http:\/\/bildungsschiff.de\/anna-lisa\/wp-content\/uploads\/2013\/11\/4er1-200x300.jpg\" alt=\"4er[1]\" class=\"wp-image-582\" srcset=\"https:\/\/bildungsschiff.de\/anna-lisa\/wp-content\/uploads\/2013\/11\/4er1-200x300.jpg 200w, https:\/\/bildungsschiff.de\/anna-lisa\/wp-content\/uploads\/2013\/11\/4er1-702x1050.jpg 702w, https:\/\/bildungsschiff.de\/anna-lisa\/wp-content\/uploads\/2013\/11\/4er1.jpg 800w\" sizes=\"auto, (max-width: 200px) 100vw, 200px\" \/><\/a><figcaption class=\"wp-element-caption\">4er Kammer Mittschiffs<\/figcaption><\/figure><\/div>\n\n<div class=\"wp-block-image\">\n<figure class=\"alignleft\"><a href=\"http:\/\/bildungsschiff.de\/anna-lisa\/crewausbildung\/gang_zu_den_kammern1\/\" rel=\"attachment wp-att-602\"><img loading=\"lazy\" decoding=\"async\" width=\"200\" height=\"300\" src=\"http:\/\/bildungsschiff.de\/anna-lisa\/wp-content\/uploads\/2013\/11\/Gang_zu_den_Kammern1-200x300.jpg\" alt=\"Gang_zu_den_Kammern[1]\" class=\"wp-image-602\" srcset=\"https:\/\/bildungsschiff.de\/anna-lisa\/wp-content\/uploads\/2013\/11\/Gang_zu_den_Kammern1-200x300.jpg 200w, https:\/\/bildungsschiff.de\/anna-lisa\/wp-content\/uploads\/2013\/11\/Gang_zu_den_Kammern1-113x170.jpg 113w, https:\/\/bildungsschiff.de\/anna-lisa\/wp-content\/uploads\/2013\/11\/Gang_zu_den_Kammern1-702x1050.jpg 702w, https:\/\/bildungsschiff.de\/anna-lisa\/wp-content\/uploads\/2013\/11\/Gang_zu_den_Kammern1.jpg 800w\" sizes=\"auto, (max-width: 200px) 100vw, 200px\" \/><\/a><figcaption class=\"wp-element-caption\">Gang zu den Kammern von der Messe aus.<\/figcaption><\/figure><\/div>\n\n<div class=\"wp-block-image\">\n<figure class=\"alignleft\"><a href=\"http:\/\/bildungsschiff.de\/anna-lisa\/leben-an-bord\/neue_4er1\/\" rel=\"attachment wp-att-570\"><img loading=\"lazy\" decoding=\"async\" width=\"300\" height=\"201\" src=\"http:\/\/bildungsschiff.de\/anna-lisa\/wp-content\/uploads\/2014\/04\/Neue_4er1-300x201.jpg\" alt=\"Neue_4er[1]\" class=\"wp-image-570\" srcset=\"https:\/\/bildungsschiff.de\/anna-lisa\/wp-content\/uploads\/2014\/04\/Neue_4er1-300x201.jpg 300w, https:\/\/bildungsschiff.de\/anna-lisa\/wp-content\/uploads\/2014\/04\/Neue_4er1.jpg 800w\" sizes=\"auto, (max-width: 300px) 100vw, 300px\" \/><\/a><figcaption class=\"wp-element-caption\">4er Kammer<\/figcaption><\/figure><\/div>\n\n\n<figure class=\"wp-block-image alignwide\"><a href=\"http:\/\/bildungsschiff.de\/anna-lisa\/leben-an-bord\/bunt-pc1\/\" rel=\"attachment wp-att-656\"><img loading=\"lazy\" decoding=\"async\" width=\"2863\" height=\"737\" src=\"https:\/\/bildungsschiff.de\/anna-lisa\/wp-content\/uploads\/2014\/04\/Bunt-PC1.jpg\" alt=\"Schiffsplan der ANNA-LISA\" class=\"wp-image-656\" srcset=\"https:\/\/bildungsschiff.de\/anna-lisa\/wp-content\/uploads\/2014\/04\/Bunt-PC1.jpg 2863w, https:\/\/bildungsschiff.de\/anna-lisa\/wp-content\/uploads\/2014\/04\/Bunt-PC1-170x43.jpg 170w, https:\/\/bildungsschiff.de\/anna-lisa\/wp-content\/uploads\/2014\/04\/Bunt-PC1-300x77.jpg 300w, https:\/\/bildungsschiff.de\/anna-lisa\/wp-content\/uploads\/2014\/04\/Bunt-PC1-1050x270.jpg 1050w\" sizes=\"auto, (max-width: 2863px) 100vw, 2863px\" \/><\/a><figcaption class=\"wp-element-caption\">Schiffsplan<\/figcaption><\/figure>\n\n\n\n<p><span style=\"color: #000000;\">Segeln auf Anna-Lisa ist eine wunderbare Erfahrung, weil es tats\u00e4chlich Erleben bedeutet. Man hat hier die M\u00f6glichkeit, zur Ruhe zu kommen, abzuschalten in der Weite und Ruhe des Wattenmeeres.<\/span><\/p>\n\n\n\n<p>weiter zum <a href=\"https:\/\/bildungsschiff.de\/anna-lisa\/toernplan\/\" data-type=\"page\" data-id=\"2320\">T\u00f6rnplan<\/a><\/p>\n","protected":false},"excerpt":{"rendered":"<p>Ihr m\u00f6chtet mitfahren und seid euch noch nicht sicher worauf ihr euch da genau einlasst? Dann lest hier mehr \u00fcber&hellip;<\/p>\n","protected":false},"author":4,"featured_media":1681,"parent":0,"menu_order":0,"comment_status":"closed","ping_status":"closed","template":"","meta":{"footnotes":""},"class_list":["post-157","page","type-page","status-publish","has-post-thumbnail","hentry"],"_links":{"self":[{"href":"https:\/\/bildungsschiff.de\/anna-lisa\/wp-json\/wp\/v2\/pages\/157","targetHints":{"allow":["GET"]}}],"collection":[{"href":"https:\/\/bildungsschiff.de\/anna-lisa\/wp-json\/wp\/v2\/pages"}],"about":[{"href":"https:\/\/bildungsschiff.de\/anna-lisa\/wp-json\/wp\/v2\/types\/page"}],"author":[{"embeddable":true,"href":"https:\/\/bildungsschiff.de\/anna-lisa\/wp-json\/wp\/v2\/users\/4"}],"replies":[{"embeddable":true,"href":"https:\/\/bildungsschiff.de\/anna-lisa\/wp-json\/wp\/v2\/comments?post=157"}],"version-history":[{"count":57,"href":"https:\/\/bildungsschiff.de\/anna-lisa\/wp-json\/wp\/v2\/pages\/157\/revisions"}],"predecessor-version":[{"id":2554,"href":"https:\/\/bildungsschiff.de\/anna-lisa\/wp-json\/wp\/v2\/pages\/157\/revisions\/2554"}],"wp:featuredmedia":[{"embeddable":true,"href":"https:\/\/bildungsschiff.de\/anna-lisa\/wp-json\/wp\/v2\/media\/1681"}],"wp:attachment":[{"href":"https:\/\/bildungsschiff.de\/anna-lisa\/wp-json\/wp\/v2\/media?parent=157"}],"curies":[{"name":"wp","href":"https:\/\/api.w.org\/{rel}","templated":true}]}}