{"id":20,"date":"2013-11-03T20:52:19","date_gmt":"2013-11-03T19:52:19","guid":{"rendered":"http:\/\/bildungsschiff.de\/anna-lisa\/?page_id=20"},"modified":"2024-11-03T17:49:42","modified_gmt":"2024-11-03T16:49:42","slug":"crewausbildung","status":"publish","type":"page","link":"https:\/\/bildungsschiff.de\/anna-lisa\/crewausbildung\/","title":{"rendered":"Crewausbildung"},"content":{"rendered":"\n<p>ANNA-LISA ist ein altes, traditionelles Schiff. Sie braucht\u00a0eine Besatzung, die viel Wissen und Erfahrung mitbringt. Wir organisieren die Fahrten ehrenamtlich und je mehr Leute wir sind, desto \u00f6fter k\u00f6nnen wir ANNA-LISA in Fahrt bringen. Deshalb freuen wir uns \u00fcber Nachwuchs und Interessierte, die Lust haben mit uns zu fahren, zu lernen und mitzumachen.<\/p>\n\n\n\n<p><span style=\"letter-spacing: 0px;\">Die ANNA-LISA f\u00e4hrt nach den Richtlinien der Besatzungsordnung f\u00fcr Traditionsschiffe der<a href=\"https:\/\/www.gshw.org\/\"> Gemeinsamen Sicherheitskommission f\u00fcr historische Wasserfahrzeuge (GSHW)<\/a><\/span>.<span style=\"letter-spacing: 0px;\"> <\/span><\/p>\n\n\n\n<h2 class=\"wp-block-heading\">Zusammensetzung der Crew<\/h2>\n\n\n\n<p><span style=\"letter-spacing: 0px;\">Auf unseren Fahrten besteht die Besatzung grunds\u00e4tzlich aus drei Personen: einer Schiffsf\u00fchrer:in (Schipper:in) sowie zwei Teamer:innen. Zus\u00e4tzlich fahren regelm\u00e4\u00dfig auch Praktikanten bei uns mit. <\/span><span style=\"letter-spacing: 0px;\">Unsere Schipper:innen kommen aus der Seeschifffahrt und bringen ein entsprechendes nautisches Patent mit oder sie haben ihre F\u00e4higkeiten durch den erforderlichen Sportseeschifferschein nachgewiesen. Als Schiffsf\u00fchrer:in haben sie bereits gewisse Fahrzeiten in verantwortlicher Stellung auf traditionellen Schiffen erworben. Genauso <\/span><span style=\"letter-spacing: 0px;\">haben unsere Teamer:innen entsprechende Bef\u00e4higungszeugnisse und Fahrzeiten.<\/span><\/p>\n\n\n<div class=\"wp-block-image\">\n<figure class=\"aligncenter\"><img loading=\"lazy\" decoding=\"async\" width=\"300\" height=\"225\" src=\"http:\/\/bildungsschiff.de\/anna-lisa\/wp-content\/uploads\/2015\/11\/100-0038-300x225.jpg\" alt=\"100-0038\" class=\"wp-image-967\" srcset=\"https:\/\/bildungsschiff.de\/anna-lisa\/wp-content\/uploads\/2015\/11\/100-0038-300x225.jpg 300w, https:\/\/bildungsschiff.de\/anna-lisa\/wp-content\/uploads\/2015\/11\/100-0038-1075x806.jpg 1075w, https:\/\/bildungsschiff.de\/anna-lisa\/wp-content\/uploads\/2015\/11\/100-0038.jpg 2048w\" sizes=\"auto, (max-width: 300px) 100vw, 300px\" \/><\/figure><\/div>\n\n\n<h2 class=\"wp-block-heading\">Praktikant:in<\/h2>\n\n\n\n<p><span style=\"letter-spacing: 0.0px;\">Die Ausbildung auf der ANNA-LISA startet damit, dass du als Praktikant:in mitf\u00e4hrst und zwar als <\/span><span style=\"letter-spacing: 0.0px;\">viertes Mitglied der Besatzung. In dieser Zeit hast du Gelegenheit alles kennen zu lernen und dich mit deinen Kenntnissen und F\u00e4higkeiten in das Team und in den Bordalltag einzubringen.<\/span><\/p>\n\n\n<div class=\"wp-block-image\">\n<figure class=\"aligncenter\"><a href=\"http:\/\/bildungsschiff.de\/anna-lisa\/wp-content\/uploads\/2013\/11\/PIC_0583.jpg\"><img loading=\"lazy\" decoding=\"async\" width=\"300\" height=\"225\" src=\"http:\/\/bildungsschiff.de\/anna-lisa\/wp-content\/uploads\/2013\/11\/PIC_0583-300x225.jpg\" alt=\"QF3-1102\" class=\"wp-image-450\" srcset=\"https:\/\/bildungsschiff.de\/anna-lisa\/wp-content\/uploads\/2013\/11\/PIC_0583-300x225.jpg 300w, https:\/\/bildungsschiff.de\/anna-lisa\/wp-content\/uploads\/2013\/11\/PIC_0583-1024x768.jpg 1024w, https:\/\/bildungsschiff.de\/anna-lisa\/wp-content\/uploads\/2013\/11\/PIC_0583.jpg 2048w\" sizes=\"auto, (max-width: 300px) 100vw, 300px\" \/><\/a><figcaption class=\"wp-element-caption\">Drei Generationen am Ruder: Christel (74), Niklas (14) und Lars (48) <\/figcaption><\/figure><\/div>\n\n\n<p><span style=\"letter-spacing: 0.0px;\">Du wirst vom Team eingearbeitet, lernst die Abl\u00e4ufe an Bord und die dazugeh\u00f6rigen Fertigkeiten kennen, nimmst an Teambesprechungen teil, lernst die Sicherheitsrichtlinien, die Bedienung der Segel und das Anleiten unserer Teilnehmer im Bordalltag und beim Segeln. Auch beim Erlernen der traditionellen Seemannschaft, der Bedienung und Wartung der Maschine oder bei kleineren Reparaturen und Instandsetzungsarbeiten bekommst du unsere Unterst\u00fctzung. <\/span><strong><span style=\"letter-spacing: 0px;\">Alle geleisteten Fahrzeiten und erworbenen Kenntnisse werden in deinem Ausbildungsnachweis festgehalten und von der Besatzung best\u00e4tigt. <\/span><\/strong>Im Winter beteiligst du dich an den Instandhaltungsarbeiten und nimmst an unseren Vereinstreffen teil.<\/p>\n\n\n\n<h2 class=\"wp-block-heading\">Teamer:in<\/h2>\n\n\n\n<p>Wenn sich nach einigen Fahrten zeigt, dass du Interesse hast, tiefer einzusteigen, wirst du im Verein aufgenommen. Nach einem vereinsinternen Ausbildungst\u00f6rn kannst du ein regul\u00e4res Crew-Mitglied werden, um T\u00f6rns mit uns zu fahren. Du \u00fcbernimmst Verantwortung f\u00fcr die Einweisung, Betreuung und Sicherheit der G\u00e4ste und\/oder f\u00fcr Teilaufgaben an Bord.<\/p>\n\n\n<div class=\"wp-block-image\">\n<figure class=\"aligncenter\"><a href=\"http:\/\/bildungsschiff.de\/anna-lisa\/instandhaltung\/dsc2008_6737\/\" rel=\"attachment wp-att-934\"><img loading=\"lazy\" decoding=\"async\" width=\"199\" height=\"300\" src=\"http:\/\/bildungsschiff.de\/anna-lisa\/wp-content\/uploads\/2013\/11\/DSC2008_6737-199x300.jpg\" alt=\"DSC2008_6737\" class=\"wp-image-934\" srcset=\"https:\/\/bildungsschiff.de\/anna-lisa\/wp-content\/uploads\/2013\/11\/DSC2008_6737-199x300.jpg 199w, https:\/\/bildungsschiff.de\/anna-lisa\/wp-content\/uploads\/2013\/11\/DSC2008_6737.jpg 376w\" sizes=\"auto, (max-width: 199px) 100vw, 199px\" \/><\/a><\/figure><\/div>\n\n\n<h2 class=\"wp-block-heading\">Schipper:in<\/h2>\n\n\n\n<p>Schipper sind die Schiffsf\u00fchrer:innen an Bord und tragen die Gesamtverantwortung f\u00fcr das Schiff, die Einhaltung der Verkehrsregeln und Vorschriften, die Sicherheit der Crew und G\u00e4ste, die Funkkommunikation sowie f\u00fcr Navigation und Wetter. Unsere Schipper:innen sind erfahrene Seeleute, die entweder aus der Berufsschiffahrt kommen oder aus dem Segel- und Wassersport. Um die ANNA-LISA als Schipper:in zu fahren, musst du mindestens einen Sportseeschifferschein haben, in die Traditionsschifferrolle eingetragen sein und dich f\u00fcr l\u00e4ngere Zeit in unserem Verein engagiert haben.<\/p>\n\n\n<div class=\"wp-block-image\">\n<figure class=\"aligncenter\"><a href=\"http:\/\/bildungsschiff.de\/anna-lisa\/crewausbildung\/100-0033\/\" rel=\"attachment wp-att-966\"><img loading=\"lazy\" decoding=\"async\" width=\"300\" height=\"225\" src=\"http:\/\/bildungsschiff.de\/anna-lisa\/wp-content\/uploads\/2015\/11\/100-0033-300x225.jpg\" alt=\"100-0033\" class=\"wp-image-966\" srcset=\"https:\/\/bildungsschiff.de\/anna-lisa\/wp-content\/uploads\/2015\/11\/100-0033-300x225.jpg 300w, https:\/\/bildungsschiff.de\/anna-lisa\/wp-content\/uploads\/2015\/11\/100-0033-1075x806.jpg 1075w, https:\/\/bildungsschiff.de\/anna-lisa\/wp-content\/uploads\/2015\/11\/100-0033.jpg 2048w\" sizes=\"auto, (max-width: 300px) 100vw, 300px\" \/><\/a><\/figure><\/div>\n\n\n<p>Wenn du Lust hast, Teil unserer Crew zu werden, melde dich doch einfach per Mail unter <a href=\"mailto:anna-lisa@bildungsschiff.de\">anna-lisa@bildungsschiff.de<\/a>.<\/p>\n","protected":false},"excerpt":{"rendered":"<p>ANNA-LISA ist ein altes, traditionelles Schiff. Sie braucht\u00a0eine Besatzung, die viel Wissen und Erfahrung mitbringt. Wir organisieren die Fahrten ehrenamtlich&hellip;<\/p>\n","protected":false},"author":4,"featured_media":1684,"parent":0,"menu_order":0,"comment_status":"closed","ping_status":"closed","template":"","meta":{"footnotes":""},"class_list":["post-20","page","type-page","status-publish","has-post-thumbnail","hentry"],"_links":{"self":[{"href":"https:\/\/bildungsschiff.de\/anna-lisa\/wp-json\/wp\/v2\/pages\/20","targetHints":{"allow":["GET"]}}],"collection":[{"href":"https:\/\/bildungsschiff.de\/anna-lisa\/wp-json\/wp\/v2\/pages"}],"about":[{"href":"https:\/\/bildungsschiff.de\/anna-lisa\/wp-json\/wp\/v2\/types\/page"}],"author":[{"embeddable":true,"href":"https:\/\/bildungsschiff.de\/anna-lisa\/wp-json\/wp\/v2\/users\/4"}],"replies":[{"embeddable":true,"href":"https:\/\/bildungsschiff.de\/anna-lisa\/wp-json\/wp\/v2\/comments?post=20"}],"version-history":[{"count":38,"href":"https:\/\/bildungsschiff.de\/anna-lisa\/wp-json\/wp\/v2\/pages\/20\/revisions"}],"predecessor-version":[{"id":2447,"href":"https:\/\/bildungsschiff.de\/anna-lisa\/wp-json\/wp\/v2\/pages\/20\/revisions\/2447"}],"wp:featuredmedia":[{"embeddable":true,"href":"https:\/\/bildungsschiff.de\/anna-lisa\/wp-json\/wp\/v2\/media\/1684"}],"wp:attachment":[{"href":"https:\/\/bildungsschiff.de\/anna-lisa\/wp-json\/wp\/v2\/media?parent=20"}],"curies":[{"name":"wp","href":"https:\/\/api.w.org\/{rel}","templated":true}]}}