{"id":2134,"date":"2019-10-27T16:02:32","date_gmt":"2019-10-27T15:02:32","guid":{"rendered":"https:\/\/bildungsschiff.de\/anna-lisa\/?page_id=2134"},"modified":"2024-11-03T19:28:22","modified_gmt":"2024-11-03T18:28:22","slug":"mathilde","status":"publish","type":"page","link":"https:\/\/bildungsschiff.de\/anna-lisa\/mathilde\/","title":{"rendered":"Jugendwanderkutter MATHILDE"},"content":{"rendered":"\n<p>Der Verein Bildungsschiff Niederelbe e.V.  konnte dank des gro\u00dfen Engagements seines damaligen Jugendgruppenleiters Elmar den Jugendwanderkutter NJ\u00d6RL von der Ostseeschule Flensburg erwerben und als MATHILDE in Dienst stellen. MATHILDE hat zwei Masten und zehn Ruderpl\u00e4tze. Gef\u00f6rdert wurden der Kauf durch die Kreissparkasse Stade und die Restauration durch den Kinderschutzbund mit dem Projekt &#8222;Mittendrin&#8220;.<\/p>\n\n\n\n<p>MATHILDE hie\u00df auch unser <a href=\"https:\/\/bildungsschiff.de\/anna-lisa\/anna-lisas-geschichte\/\" data-type=\"page\" data-id=\"1884\">Besanewer ANNA-LISA<\/a> einmal in ihrer &#8222;Jugend&#8220;, von 1906-1956. <\/p>\n\n\n\n<p><strong>Jugendwanderkutter <\/strong>sind Lugger-geriggte offene Segelboote, die f\u00fcr die Jugendarbeit in Segelvereinen eingesetzt werden. Mit einer L\u00e4nge von 8,50 m an der Wasserlinie k\u00f6nnen Jugendwanderkutter von sechs bis zehn Jugendlichen gesegelt und gerudert werden. Mehr \u00fcber Jugendwanderkutter erfahrt ihr z.B. bei <a href=\"https:\/\/de.wikipedia.org\/wiki\/Jugendwanderkutter\">Wikipedia<\/a>. <\/p>\n\n\n\n<p>Nach umfangreichen Bootsbauarbeiten wurde MATHILDE von 2019 bis 2023 im Verein als Ausbildungsboot zur ANNA-LISA eingesetzt, um Jugendlichen in Wischhafen die Chance zu geben, traditionelle Seefahrt selbst zu erfahren und Segeln zu lernen. Ende 2023 hat sich die Jugendgruppe aufgel\u00f6st.<\/p>\n\n\n\n<h2 class=\"wp-block-heading\">Restauration<\/h2>\n\n\n\n<p>Das Jahr 2018 stand f\u00fcr die enthusiastische Jugendgruppe unter Leitung von Elmar zun\u00e4chst im Zeichen des Bootsbaus. Da das Boot in Flensburg ohne Abdeckung drau\u00dfen \u00fcberwintert wurde, war Eile geboten. Das alte Boot hatte sehr viel Feuchtigkeit unter die d\u00fcnne  Farbschicht gelassen und es musste dringend getrocknet werden, bevor der  Frost die Farbe und m\u00f6glicherweise das Holz an einigen Stellen sprengt. <\/p>\n\n\n\n<figure class=\"wp-block-gallery alignleft has-nested-images columns-default is-cropped wp-block-gallery-2 is-layout-flex wp-block-gallery-is-layout-flex\">\n<figure class=\"wp-block-image size-large\"><img loading=\"lazy\" decoding=\"async\" width=\"1075\" height=\"806\" data-id=\"1489\" src=\"https:\/\/bildungsschiff.de\/anna-lisa\/wp-content\/uploads\/2014\/07\/Mathilde_9-1075x806.jpg\" alt=\"\" class=\"wp-image-1489\" srcset=\"https:\/\/bildungsschiff.de\/anna-lisa\/wp-content\/uploads\/2014\/07\/Mathilde_9-1075x806.jpg 1075w, https:\/\/bildungsschiff.de\/anna-lisa\/wp-content\/uploads\/2014\/07\/Mathilde_9-300x225.jpg 300w, https:\/\/bildungsschiff.de\/anna-lisa\/wp-content\/uploads\/2014\/07\/Mathilde_9-768x576.jpg 768w, https:\/\/bildungsschiff.de\/anna-lisa\/wp-content\/uploads\/2014\/07\/Mathilde_9.jpg 1500w\" sizes=\"auto, (max-width: 1075px) 100vw, 1075px\" \/><\/figure>\n\n\n\n<figure class=\"wp-block-image\"><img loading=\"lazy\" decoding=\"async\" width=\"225\" height=\"300\" data-id=\"1487\" src=\"http:\/\/bildungsschiff.de\/anna-lisa\/wp-content\/uploads\/2014\/07\/Mathilde_5-225x300.jpg\" alt=\"\" class=\"wp-image-1487\" srcset=\"https:\/\/bildungsschiff.de\/anna-lisa\/wp-content\/uploads\/2014\/07\/Mathilde_5-225x300.jpg 225w, https:\/\/bildungsschiff.de\/anna-lisa\/wp-content\/uploads\/2014\/07\/Mathilde_5-768x1024.jpg 768w, https:\/\/bildungsschiff.de\/anna-lisa\/wp-content\/uploads\/2014\/07\/Mathilde_5-806x1075.jpg 806w, https:\/\/bildungsschiff.de\/anna-lisa\/wp-content\/uploads\/2014\/07\/Mathilde_5.jpg 1000w\" sizes=\"auto, (max-width: 225px) 100vw, 225px\" \/><\/figure>\n<\/figure>\n\n\n\n<p>Jan aus Elmshorn half spontan und machte einen Platz in seiner Werkstatthalle frei. Dort trocknete das Boot erst einmal f\u00fcr zwei Wochen.<\/p>\n\n\n\n<p>Am 20. Januar war der erste Gro\u00dfeinsatz mit sieben Jugendlichen im Alter von 8-18 Jahren:\u00a0 Sauber machen und auseinander bauen. Dabei haben wir hinter den Verkleidungen viel Dreck, eine Mundharmonika, ein Mundst\u00fcck eines Fagotts, eine Sonnenbrille, ein Buch und vieles mehr gefunden. Die Planken im achteren Bereich unter den Einbauten waren stark angegangen.<\/p>\n\n\n\n<p>Mithilfe von F\u00f6rdergeldern konnte Material besorgt werden und das Ausbildungsschiff in Handarbeit wieder g\u00e4ngig gemacht werden.<\/p>\n\n\n\n<figure class=\"wp-block-gallery has-nested-images columns-default is-cropped wp-block-gallery-3 is-layout-flex wp-block-gallery-is-layout-flex\">\n<figure class=\"wp-block-image size-large\"><img loading=\"lazy\" decoding=\"async\" width=\"1075\" height=\"717\" data-id=\"1485\" src=\"https:\/\/bildungsschiff.de\/anna-lisa\/wp-content\/uploads\/2014\/07\/Mathilde_2-1075x717.jpg\" alt=\"\" class=\"wp-image-1485\" srcset=\"https:\/\/bildungsschiff.de\/anna-lisa\/wp-content\/uploads\/2014\/07\/Mathilde_2-1075x717.jpg 1075w, https:\/\/bildungsschiff.de\/anna-lisa\/wp-content\/uploads\/2014\/07\/Mathilde_2-300x200.jpg 300w, https:\/\/bildungsschiff.de\/anna-lisa\/wp-content\/uploads\/2014\/07\/Mathilde_2-768x512.jpg 768w, https:\/\/bildungsschiff.de\/anna-lisa\/wp-content\/uploads\/2014\/07\/Mathilde_2.jpg 1500w\" sizes=\"auto, (max-width: 1075px) 100vw, 1075px\" \/><\/figure>\n\n\n\n<figure class=\"wp-block-image size-large\"><img loading=\"lazy\" decoding=\"async\" width=\"1075\" height=\"717\" data-id=\"1486\" src=\"https:\/\/bildungsschiff.de\/anna-lisa\/wp-content\/uploads\/2014\/07\/Mathilde_3-1075x717.jpg\" alt=\"\" class=\"wp-image-1486\" srcset=\"https:\/\/bildungsschiff.de\/anna-lisa\/wp-content\/uploads\/2014\/07\/Mathilde_3-1075x717.jpg 1075w, https:\/\/bildungsschiff.de\/anna-lisa\/wp-content\/uploads\/2014\/07\/Mathilde_3-300x200.jpg 300w, https:\/\/bildungsschiff.de\/anna-lisa\/wp-content\/uploads\/2014\/07\/Mathilde_3-768x512.jpg 768w, https:\/\/bildungsschiff.de\/anna-lisa\/wp-content\/uploads\/2014\/07\/Mathilde_3.jpg 1500w\" sizes=\"auto, (max-width: 1075px) 100vw, 1075px\" \/><\/figure>\n<\/figure>\n\n\n\n<pre class=\"wp-block-verse\"> <\/pre>\n\n\n\n<h2 class=\"wp-block-heading\">MATHILDE hat wieder Wasser unterm Kiel<\/h2>\n\n\n\n<p>Am Ostersonntag 2018 wurde unser Jugendwanderkutter MATHILDE bei strahlendem Sonnenschein getauft. Anwesend waren unsere Jugendgruppe, ihr Leiter Elmar sowie Freunde des Vereins und viele Schaulustige aus Wischhafen und Umgebung.<\/p>\n\n\n\n<p>Mit neuen Rettungswesten ausgestattet wurde der Jugendkutter von den Jugendlichen geentert, die Riemen besetzt und in See gestochen.<\/p>\n\n\n\n<p>Ein ganz gro\u00dfes Dankesch\u00f6n richtet der Verein an Elmar und seine Familie sowie an die Sponsoren, die dieses tolle Projekt erm\u00f6glicht haben.<\/p>\n\n\n\n<figure class=\"wp-block-gallery has-nested-images columns-default is-cropped wp-block-gallery-4 is-layout-flex wp-block-gallery-is-layout-flex\">\n<figure class=\"wp-block-image size-large\"><img loading=\"lazy\" decoding=\"async\" width=\"1075\" height=\"806\" data-id=\"1515\" src=\"https:\/\/bildungsschiff.de\/anna-lisa\/wp-content\/uploads\/2014\/07\/IMG_2816-1075x806.jpg\" alt=\"\" class=\"wp-image-1515\" srcset=\"https:\/\/bildungsschiff.de\/anna-lisa\/wp-content\/uploads\/2014\/07\/IMG_2816-1075x806.jpg 1075w, https:\/\/bildungsschiff.de\/anna-lisa\/wp-content\/uploads\/2014\/07\/IMG_2816-300x225.jpg 300w, https:\/\/bildungsschiff.de\/anna-lisa\/wp-content\/uploads\/2014\/07\/IMG_2816-768x576.jpg 768w, https:\/\/bildungsschiff.de\/anna-lisa\/wp-content\/uploads\/2014\/07\/IMG_2816.jpg 2048w\" sizes=\"auto, (max-width: 1075px) 100vw, 1075px\" \/><\/figure>\n\n\n\n<figure class=\"wp-block-image\"><img loading=\"lazy\" decoding=\"async\" width=\"300\" height=\"225\" data-id=\"1518\" src=\"http:\/\/bildungsschiff.de\/anna-lisa\/wp-content\/uploads\/2014\/07\/IMG_2814-300x225.jpg\" alt=\"\" class=\"wp-image-1518\" srcset=\"https:\/\/bildungsschiff.de\/anna-lisa\/wp-content\/uploads\/2014\/07\/IMG_2814-300x225.jpg 300w, https:\/\/bildungsschiff.de\/anna-lisa\/wp-content\/uploads\/2014\/07\/IMG_2814-768x576.jpg 768w, https:\/\/bildungsschiff.de\/anna-lisa\/wp-content\/uploads\/2014\/07\/IMG_2814-1075x806.jpg 1075w, https:\/\/bildungsschiff.de\/anna-lisa\/wp-content\/uploads\/2014\/07\/IMG_2814.jpg 2048w\" sizes=\"auto, (max-width: 300px) 100vw, 300px\" \/><\/figure>\n\n\n\n<figure class=\"wp-block-image\"><img loading=\"lazy\" decoding=\"async\" width=\"225\" height=\"300\" data-id=\"1517\" src=\"http:\/\/bildungsschiff.de\/anna-lisa\/wp-content\/uploads\/2014\/07\/IMG_2805-225x300.jpg\" alt=\"\" class=\"wp-image-1517\" srcset=\"https:\/\/bildungsschiff.de\/anna-lisa\/wp-content\/uploads\/2014\/07\/IMG_2805-225x300.jpg 225w, https:\/\/bildungsschiff.de\/anna-lisa\/wp-content\/uploads\/2014\/07\/IMG_2805-768x1024.jpg 768w, https:\/\/bildungsschiff.de\/anna-lisa\/wp-content\/uploads\/2014\/07\/IMG_2805-806x1075.jpg 806w, https:\/\/bildungsschiff.de\/anna-lisa\/wp-content\/uploads\/2014\/07\/IMG_2805.jpg 1536w\" sizes=\"auto, (max-width: 225px) 100vw, 225px\" \/><\/figure>\n<\/figure>\n","protected":false},"excerpt":{"rendered":"<p>Der Verein Bildungsschiff Niederelbe e.V. konnte dank des gro\u00dfen Engagements seines damaligen Jugendgruppenleiters Elmar den Jugendwanderkutter NJ\u00d6RL von der Ostseeschule&hellip;<\/p>\n","protected":false},"author":4,"featured_media":0,"parent":0,"menu_order":0,"comment_status":"closed","ping_status":"closed","template":"","meta":{"footnotes":""},"class_list":["post-2134","page","type-page","status-publish","hentry"],"_links":{"self":[{"href":"https:\/\/bildungsschiff.de\/anna-lisa\/wp-json\/wp\/v2\/pages\/2134","targetHints":{"allow":["GET"]}}],"collection":[{"href":"https:\/\/bildungsschiff.de\/anna-lisa\/wp-json\/wp\/v2\/pages"}],"about":[{"href":"https:\/\/bildungsschiff.de\/anna-lisa\/wp-json\/wp\/v2\/types\/page"}],"author":[{"embeddable":true,"href":"https:\/\/bildungsschiff.de\/anna-lisa\/wp-json\/wp\/v2\/users\/4"}],"replies":[{"embeddable":true,"href":"https:\/\/bildungsschiff.de\/anna-lisa\/wp-json\/wp\/v2\/comments?post=2134"}],"version-history":[{"count":43,"href":"https:\/\/bildungsschiff.de\/anna-lisa\/wp-json\/wp\/v2\/pages\/2134\/revisions"}],"predecessor-version":[{"id":2484,"href":"https:\/\/bildungsschiff.de\/anna-lisa\/wp-json\/wp\/v2\/pages\/2134\/revisions\/2484"}],"wp:attachment":[{"href":"https:\/\/bildungsschiff.de\/anna-lisa\/wp-json\/wp\/v2\/media?parent=2134"}],"curies":[{"name":"wp","href":"https:\/\/api.w.org\/{rel}","templated":true}]}}