{"id":221,"date":"2014-07-18T13:21:58","date_gmt":"2014-07-18T12:21:58","guid":{"rendered":"http:\/\/bildungsschiff.de\/anna-lisa\/?page_id=221"},"modified":"2026-02-16T09:33:28","modified_gmt":"2026-02-16T08:33:28","slug":"anna-lisa-von-wischhafen","status":"publish","type":"page","link":"https:\/\/bildungsschiff.de\/anna-lisa\/","title":{"rendered":"\u00dcberblick"},"content":{"rendered":"\n\n\n\n\n<figure class=\"wp-block-image size-full\"><img loading=\"lazy\" decoding=\"async\" width=\"1024\" height=\"341\" src=\"https:\/\/bildungsschiff.de\/anna-lisa\/wp-content\/uploads\/2026\/02\/1000010900.jpg\" alt=\"\" class=\"wp-image-2577\" srcset=\"https:\/\/bildungsschiff.de\/anna-lisa\/wp-content\/uploads\/2026\/02\/1000010900.jpg 1024w, https:\/\/bildungsschiff.de\/anna-lisa\/wp-content\/uploads\/2026\/02\/1000010900-300x100.jpg 300w, https:\/\/bildungsschiff.de\/anna-lisa\/wp-content\/uploads\/2026\/02\/1000010900-768x256.jpg 768w\" sizes=\"auto, (max-width: 1024px) 100vw, 1024px\" \/><\/figure>\n\n\n\n<h2 class=\"wp-block-heading\"><em>Willkommen an Bord!<\/em><\/h2>\n\n\n\n<p>Diese Website gibt einen kleinen <strong>Einblick in unser Vereinsleben.<br \/><\/strong>Viel Spa\u00df beim Lesen, St\u00f6bern und Lernen \u00fcber die Natur in der Region Niederelbe und das Wattenmeer, \u00fcber den Verein &#8222;Bildungsschiff Niederelbe e.V.&#8220; und \u00fcber seine Schiffe <a href=\"https:\/\/bildungsschiff.de\/anna-lisa\/technische-daten\/\">ANNA-LISA<\/a> und MATHILDE, mit denen wir <a href=\"https:\/\/bildungsschiff.de\/anna-lisa\/traditionelle-schifffahrt\/\">traditionelle Schifffahrt<\/a> pflegen.<\/p>\n\n\n\n<p>Unsere <a href=\"https:\/\/bildungsschiff.de\/anna-lisa\/fahrtgebiete-wattenmeer-und-elbe\/\">Fahrtgebiete sind&nbsp; das Nord-und Ostfriesische Wattenmeer, die Elbe<\/a> und ihre Nebenfl\u00fcsse. Wind und Tide bestimmen dabei unseren Weg und Tagesablauf.<\/p>\n\n\n\n<p><a href=\"https:\/\/bildungsschiff.de\/anna-lisa\/leben-an-bord\/\">Seid dabei und erlebt mit uns<\/a> wie es ist, Landschaften und Leben am Gezeitenstrom neu zu entdecken, Segel zu setzen, die Natur und ihre Kraft zu erleben. Segel- und Nautikkenntnisse sind nicht erforderlich, um bei uns mitzumachen. Die bekommt Ihr gratis vermittelt!<\/p>\n\n\n\n<h2 class=\"wp-block-heading\">2022-2025: Arbeiten am Schiff<\/h2>\n\n\n\n<p>Wir arbeiten daran, ANNA-LISA wieder in Fahrt zu bringen und hoffen, dass das bis Ende 2025 gelingt. Nach neuer SiRi m\u00fcssen noch einige <a href=\"https:\/\/bildungsschiff.de\/anna-lisa\/refit-2022-2025\/\" data-type=\"page\" data-id=\"2507\">bauliche Ver\u00e4nderungen<\/a> und <a href=\"https:\/\/bildungsschiff.de\/anna-lisa\/instandhaltung\/\" data-type=\"page\" data-id=\"23\">Instandsetzungen<\/a> vorgenommen werden, damit wir wieder traditionelle Seemannschaft pflegen,  mit G\u00e4sten unser Revier befahren und die wundersch\u00f6ne Natur der Tiedengew\u00e4sser erkunden k\u00f6nnen. <\/p>\n\n\n\n<div class=\"wp-block-cover\"><span aria-hidden=\"true\" class=\"wp-block-cover__background has-background-dim\" style=\"background-color:#817b6d\"><\/span><img loading=\"lazy\" decoding=\"async\" width=\"2213\" height=\"1625\" class=\"wp-block-cover__image-background wp-image-2230\" alt=\"ANNA-LISA\" src=\"https:\/\/bildungsschiff.de\/anna-lisa\/wp-content\/uploads\/2019\/11\/unter-segeln-51.jpg\" data-object-fit=\"cover\" srcset=\"https:\/\/bildungsschiff.de\/anna-lisa\/wp-content\/uploads\/2019\/11\/unter-segeln-51.jpg 2213w, https:\/\/bildungsschiff.de\/anna-lisa\/wp-content\/uploads\/2019\/11\/unter-segeln-51-300x220.jpg 300w, https:\/\/bildungsschiff.de\/anna-lisa\/wp-content\/uploads\/2019\/11\/unter-segeln-51-1075x789.jpg 1075w, https:\/\/bildungsschiff.de\/anna-lisa\/wp-content\/uploads\/2019\/11\/unter-segeln-51-768x564.jpg 768w, https:\/\/bildungsschiff.de\/anna-lisa\/wp-content\/uploads\/2019\/11\/unter-segeln-51-1536x1128.jpg 1536w, https:\/\/bildungsschiff.de\/anna-lisa\/wp-content\/uploads\/2019\/11\/unter-segeln-51-2048x1504.jpg 2048w, https:\/\/bildungsschiff.de\/anna-lisa\/wp-content\/uploads\/2019\/11\/unter-segeln-51-1600x1175.jpg 1600w\" sizes=\"auto, (max-width: 2213px) 100vw, 2213px\" \/><div class=\"wp-block-cover__inner-container is-layout-constrained wp-block-cover-is-layout-constrained\">\n<div class=\"wp-block-buttons is-content-justification-center is-layout-flex wp-container-core-buttons-is-layout-1 wp-block-buttons-is-layout-flex\">\n<div class=\"wp-block-button aligncenter\"><a class=\"wp-block-button__link has-text-align-center wp-element-button\" href=\"https:\/\/bildungsschiff.de\/anna-lisa\/refit-2022-2025\/\"><mark style=\"background-color:rgba(0, 0, 0, 0)\" class=\"has-inline-color has-quinary-color\">Refit und Instandhaltung 2025<\/mark><\/a><\/div>\n<\/div>\n<\/div><\/div>\n\n\n\n<div style=\"height:33px\" aria-hidden=\"true\" class=\"wp-block-spacer\"><\/div>\n\n\n\n<div class=\"wp-block-cover is-light\"><span aria-hidden=\"true\" class=\"wp-block-cover__background has-primary-background-color has-background-dim-30 has-background-dim\"><\/span><img loading=\"lazy\" decoding=\"async\" width=\"2048\" height=\"1536\" class=\"wp-block-cover__image-background wp-image-840\" alt=\"\" src=\"https:\/\/bildungsschiff.de\/anna-lisa\/wp-content\/uploads\/2015\/10\/100-0049.jpg\" data-object-fit=\"cover\" srcset=\"https:\/\/bildungsschiff.de\/anna-lisa\/wp-content\/uploads\/2015\/10\/100-0049.jpg 2048w, https:\/\/bildungsschiff.de\/anna-lisa\/wp-content\/uploads\/2015\/10\/100-0049-300x225.jpg 300w, https:\/\/bildungsschiff.de\/anna-lisa\/wp-content\/uploads\/2015\/10\/100-0049-1075x806.jpg 1075w\" sizes=\"auto, (max-width: 2048px) 100vw, 2048px\" \/><div class=\"wp-block-cover__inner-container is-layout-flow wp-block-cover-is-layout-flow\">\n<div class=\"wp-block-button aligncenter\"><a class=\"wp-block-button__link has-text-align-center wp-element-button\" href=\"https:\/\/bildungsschiff.de\/anna-lisa\/traditionelle-schifffahrt\/\">Traditionelle Schifffahrt<\/a><\/div>\n<\/div><\/div>\n\n\n\n<div style=\"height:33px\" aria-hidden=\"true\" class=\"wp-block-spacer\"><\/div>\n\n\n\n<div class=\"wp-block-cover is-light\"><span aria-hidden=\"true\" class=\"wp-block-cover__background has-primary-background-color has-background-dim-20 has-background-dim\"><\/span><img loading=\"lazy\" decoding=\"async\" width=\"2048\" height=\"1351\" class=\"wp-block-cover__image-background wp-image-1685\" alt=\"\" src=\"https:\/\/bildungsschiff.de\/anna-lisa\/wp-content\/uploads\/2019\/01\/wildgans-2018.png\" style=\"object-position:46% 100%\" data-object-fit=\"cover\" data-object-position=\"46% 100%\" srcset=\"https:\/\/bildungsschiff.de\/anna-lisa\/wp-content\/uploads\/2019\/01\/wildgans-2018.png 2048w, https:\/\/bildungsschiff.de\/anna-lisa\/wp-content\/uploads\/2019\/01\/wildgans-2018-300x198.png 300w, https:\/\/bildungsschiff.de\/anna-lisa\/wp-content\/uploads\/2019\/01\/wildgans-2018-768x507.png 768w, https:\/\/bildungsschiff.de\/anna-lisa\/wp-content\/uploads\/2019\/01\/wildgans-2018-1075x709.png 1075w\" sizes=\"auto, (max-width: 2048px) 100vw, 2048px\" \/><div class=\"wp-block-cover__inner-container is-layout-flow wp-block-cover-is-layout-flow\">\n<div class=\"wp-block-button aligncenter\"><a class=\"wp-block-button__link has-text-align-center wp-element-button\" href=\"https:\/\/bildungsschiff.de\/anna-lisa\/bildungsarbeit\/\"><mark style=\"background-color:rgba(0, 0, 0, 0)\" class=\"has-inline-color has-quinary-color\">Umweltbildung<\/mark><\/a><\/div>\n<\/div><\/div>\n\n\n","protected":false},"excerpt":{"rendered":"<p>Willkommen an Bord! Diese Website gibt einen kleinen Einblick in unser Vereinsleben.Viel Spa\u00df beim Lesen, St\u00f6bern und Lernen \u00fcber die&hellip;<\/p>\n","protected":false},"author":4,"featured_media":0,"parent":0,"menu_order":0,"comment_status":"closed","ping_status":"closed","template":"","meta":{"footnotes":""},"class_list":["post-221","page","type-page","status-publish","hentry"],"_links":{"self":[{"href":"https:\/\/bildungsschiff.de\/anna-lisa\/wp-json\/wp\/v2\/pages\/221","targetHints":{"allow":["GET"]}}],"collection":[{"href":"https:\/\/bildungsschiff.de\/anna-lisa\/wp-json\/wp\/v2\/pages"}],"about":[{"href":"https:\/\/bildungsschiff.de\/anna-lisa\/wp-json\/wp\/v2\/types\/page"}],"author":[{"embeddable":true,"href":"https:\/\/bildungsschiff.de\/anna-lisa\/wp-json\/wp\/v2\/users\/4"}],"replies":[{"embeddable":true,"href":"https:\/\/bildungsschiff.de\/anna-lisa\/wp-json\/wp\/v2\/comments?post=221"}],"version-history":[{"count":96,"href":"https:\/\/bildungsschiff.de\/anna-lisa\/wp-json\/wp\/v2\/pages\/221\/revisions"}],"predecessor-version":[{"id":2578,"href":"https:\/\/bildungsschiff.de\/anna-lisa\/wp-json\/wp\/v2\/pages\/221\/revisions\/2578"}],"wp:attachment":[{"href":"https:\/\/bildungsschiff.de\/anna-lisa\/wp-json\/wp\/v2\/media?parent=221"}],"curies":[{"name":"wp","href":"https:\/\/api.w.org\/{rel}","templated":true}]}}