{"id":2398,"date":"2023-01-21T12:33:08","date_gmt":"2023-01-21T11:33:08","guid":{"rendered":"https:\/\/bildungsschiff.de\/anna-lisa\/?page_id=2398"},"modified":"2024-12-14T12:15:50","modified_gmt":"2024-12-14T11:15:50","slug":"spenden","status":"publish","type":"page","link":"https:\/\/bildungsschiff.de\/anna-lisa\/spenden\/","title":{"rendered":"Spenden"},"content":{"rendered":"\n<p>Herzlichen Dank f\u00fcr Ihre Unterst\u00fctzung f\u00fcr unsere Bildungsarbeit im Naturraum Wattenmeer und Elberaum! <\/p>\n\n\n\n<p class=\"has-text-align-left\">Der Verein Bildungsschiff Niederelbe e.V.  ist als gemeinn\u00fctzig anerkannt wegen F\u00f6rderung der <\/p>\n\n\n\n<p class=\"has-text-align-center\">* Jugendhilfe<br \/>* Erziehung<br \/>* Volks- und Berufsbildung sowie der Studentenhilfe<br \/>* Kunst und Kultur.<\/p>\n\n\n\n<h2 class=\"wp-block-heading\">Ihre Spende ist steuerlich absetzbar<\/h2>\n\n\n\n<p>F\u00fcr Spenden bis 300 \u20ac an unseren gemeinn\u00fctzigen Verein erkennt das Finanzamt die Kopie des \u00dcberweisungstr\u00e4gers oder Ihren Kontoauszug als Spendenbeleg an. Einen vereinfachten Spendennachweis daf\u00fcr k\u00f6nnen Sie hier downloaden:  <\/p>\n\n\n\n<div data-wp-interactive=\"core\/file\" class=\"wp-block-file\"><object data-wp-bind--hidden=\"!state.hasPdfPreview\" hidden class=\"wp-block-file__embed\" data=\"https:\/\/bildungsschiff.de\/anna-lisa\/wp-content\/uploads\/2024\/12\/SpendenBescheinigung2022Internetseite.pages.pdf\" type=\"application\/pdf\" style=\"width:100%;height:600px\" aria-label=\"Einbettung von SpendenBescheinigung2022Internetseite.pages.\"><\/object><a id=\"wp-block-file--media-3be89bd9-7ddf-49ce-ac4a-61b989c6b69a\" href=\"https:\/\/bildungsschiff.de\/anna-lisa\/wp-content\/uploads\/2024\/12\/SpendenBescheinigung2022Internetseite.pages.pdf\">SpendenBescheinigung2022Internetseite.pages<\/a><a href=\"https:\/\/bildungsschiff.de\/anna-lisa\/wp-content\/uploads\/2024\/12\/SpendenBescheinigung2022Internetseite.pages.pdf\" class=\"wp-block-file__button wp-element-button\" download aria-describedby=\"wp-block-file--media-3be89bd9-7ddf-49ce-ac4a-61b989c6b69a\">Herunterladen<\/a><\/div>\n\n\n\n<h2 class=\"wp-block-heading\">Spendenkonto<\/h2>\n\n\n\n<p>Bildungsschiff Niederelbe e.V. (Sitz in Stade) <br \/>Sparkasse Stade &#8211; Altes Land<br \/>IBAN DE67 2415 1005 0000 0253 20 <\/p>\n\n\n\n<p><\/p>\n\n\n\n<p>Bitte geben Sie bei der \u00dcberweisung Ihre vollst\u00e4ndige Adresse an, wenn Sie einen Beitrag \u00fcber 300 \u20ac spenden und daf\u00fcr eine Spendenbescheinigung von uns zugesendet bekommen m\u00f6chten. <\/p>\n","protected":false},"excerpt":{"rendered":"<p>Herzlichen Dank f\u00fcr Ihre Unterst\u00fctzung f\u00fcr unsere Bildungsarbeit im Naturraum Wattenmeer und Elberaum! Der Verein Bildungsschiff Niederelbe e.V. ist als&hellip;<\/p>\n","protected":false},"author":4,"featured_media":0,"parent":0,"menu_order":0,"comment_status":"closed","ping_status":"closed","template":"","meta":{"footnotes":""},"class_list":["post-2398","page","type-page","status-publish","hentry"],"_links":{"self":[{"href":"https:\/\/bildungsschiff.de\/anna-lisa\/wp-json\/wp\/v2\/pages\/2398","targetHints":{"allow":["GET"]}}],"collection":[{"href":"https:\/\/bildungsschiff.de\/anna-lisa\/wp-json\/wp\/v2\/pages"}],"about":[{"href":"https:\/\/bildungsschiff.de\/anna-lisa\/wp-json\/wp\/v2\/types\/page"}],"author":[{"embeddable":true,"href":"https:\/\/bildungsschiff.de\/anna-lisa\/wp-json\/wp\/v2\/users\/4"}],"replies":[{"embeddable":true,"href":"https:\/\/bildungsschiff.de\/anna-lisa\/wp-json\/wp\/v2\/comments?post=2398"}],"version-history":[{"count":6,"href":"https:\/\/bildungsschiff.de\/anna-lisa\/wp-json\/wp\/v2\/pages\/2398\/revisions"}],"predecessor-version":[{"id":2502,"href":"https:\/\/bildungsschiff.de\/anna-lisa\/wp-json\/wp\/v2\/pages\/2398\/revisions\/2502"}],"wp:attachment":[{"href":"https:\/\/bildungsschiff.de\/anna-lisa\/wp-json\/wp\/v2\/media?parent=2398"}],"curies":[{"name":"wp","href":"https:\/\/api.w.org\/{rel}","templated":true}]}}