{"id":382,"date":"2014-08-01T14:29:43","date_gmt":"2014-08-01T13:29:43","guid":{"rendered":"http:\/\/bildungsschiff.de\/anna-lisa\/?page_id=382"},"modified":"2023-01-22T11:17:51","modified_gmt":"2023-01-22T10:17:51","slug":"kontakt","status":"publish","type":"page","link":"https:\/\/bildungsschiff.de\/anna-lisa\/kontakt\/","title":{"rendered":"Kontakt"},"content":{"rendered":"<p>Bitte schreibt eine E-Mail an <a href=\"Mailto:anna-lisa@bildungsschiff.de\">Anna-Lisa [at] Bildungsschiff.de.<\/a><\/p>\n<p>Da wir ehrenamtlich arbeiten, kann es vorkommen, dass wir auf Anfragen erst einige Tage sp\u00e4ter reagieren. Daf\u00fcr bitten wir um Verst\u00e4ndnis.<\/p>\n<p>Vielen Dank!<\/p>\n<p>Crew der ANNA-LISA<\/p>\n","protected":false},"excerpt":{"rendered":"<p>Bitte schreibt eine E-Mail an Anna-Lisa [at] Bildungsschiff.de. Da wir ehrenamtlich arbeiten, kann es vorkommen, dass wir auf Anfragen erst&hellip;<\/p>\n","protected":false},"author":4,"featured_media":477,"parent":0,"menu_order":0,"comment_status":"closed","ping_status":"closed","template":"","meta":{"footnotes":""},"class_list":["post-382","page","type-page","status-publish","has-post-thumbnail","hentry"],"_links":{"self":[{"href":"https:\/\/bildungsschiff.de\/anna-lisa\/wp-json\/wp\/v2\/pages\/382","targetHints":{"allow":["GET"]}}],"collection":[{"href":"https:\/\/bildungsschiff.de\/anna-lisa\/wp-json\/wp\/v2\/pages"}],"about":[{"href":"https:\/\/bildungsschiff.de\/anna-lisa\/wp-json\/wp\/v2\/types\/page"}],"author":[{"embeddable":true,"href":"https:\/\/bildungsschiff.de\/anna-lisa\/wp-json\/wp\/v2\/users\/4"}],"replies":[{"embeddable":true,"href":"https:\/\/bildungsschiff.de\/anna-lisa\/wp-json\/wp\/v2\/comments?post=382"}],"version-history":[{"count":27,"href":"https:\/\/bildungsschiff.de\/anna-lisa\/wp-json\/wp\/v2\/pages\/382\/revisions"}],"predecessor-version":[{"id":2281,"href":"https:\/\/bildungsschiff.de\/anna-lisa\/wp-json\/wp\/v2\/pages\/382\/revisions\/2281"}],"wp:featuredmedia":[{"embeddable":true,"href":"https:\/\/bildungsschiff.de\/anna-lisa\/wp-json\/wp\/v2\/media\/477"}],"wp:attachment":[{"href":"https:\/\/bildungsschiff.de\/anna-lisa\/wp-json\/wp\/v2\/media?parent=382"}],"curies":[{"name":"wp","href":"https:\/\/api.w.org\/{rel}","templated":true}]}}